{"id":10,"date":"2017-11-13T21:32:43","date_gmt":"2017-11-13T20:32:43","guid":{"rendered":"https:\/\/kfz-peppler-autofit.de\/?page_id=10"},"modified":"2019-01-17T18:01:17","modified_gmt":"2019-01-17T17:01:17","slug":"ueber-mich","status":"publish","type":"page","link":"https:\/\/kfz-peppler-autofit.de\/?page_id=10","title":{"rendered":"Impressum"},"content":{"rendered":"<p><strong>Impressum<\/strong><br \/>\nAngaben gem\u00e4\u00df \u00a7 5 TMG:<br \/>\nMartin Peppler<br \/>\nZei\u00dfstra\u00dfe 8<br \/>\n50171 Kerpen<\/p>\n<p>Kontakt:<br \/>\nTelefon: 022373255<br \/>\nE-Mail: info(at)kfz-peppler-autofit.de<\/p>\n<p>Registereintrag:<br \/>\nEintragung im Handelsregister.<br \/>\nRegistergericht:<br \/>\nRegisternummer:<br \/>\nBerufsbezeichung und berufsrechtliche Regelungen<br \/>\nBerufsbezeichnung: KFZ Meister<br \/>\nZust\u00e4ndige Kammer:<br \/>\nVerliehen durch: Deutschland<br \/>\nEs gelten folgende berufsrechtliche Regelungen:<br \/>\nRegelungen einsehbar unter: http:\/\/<br \/>\nStreitschlichtung<br \/>\nDie Europ\u00e4ische Kommission stellt eine Plattform zur Online-Streitbeilegung (OS) bereit:<br \/>\nhttp:\/\/ec.europa.eu\/consumers\/odr<br \/>\nUnsere E-Mail-Adresse finden Sie oben im Impressum.<br \/>\nWir sind nicht bereit oder verpflichtet, an Streitbeilegungsverfahren vor einer<br \/>\nVerbraucherschlichtungsstelle teilzunehmen.<br \/>\nHaftung f\u00fcr Inhalte<br \/>\nAls Diensteanbieter sind wir gem\u00e4\u00df \u00a7 7 Abs.1 TMG f\u00fcr eigene Inhalte auf diesen Seiten nach den<br \/>\nallgemeinen Gesetzen verantwortlich. Nach \u00a7\u00a7 8 bis 10 TMG sind wir als Diensteanbieter jedoch nicht<br \/>\nverpflichtet, \u00fcbermittelte oder gespeicherte fremde Informationen zu \u00fcberwachen oder nach Umst\u00e4nden<br \/>\nzu forschen, die auf eine rechtswidrige T\u00e4tigkeit hinweisen.<br \/>\nVerpflichtungen zur Entfernung oder Sperrung der Nutzung von Informationen nach den allgemeinen<br \/>\nGesetzen bleiben hiervon unber\u00fchrt. Eine diesbez\u00fcgliche Haftung ist jedoch erst ab dem Zeitpunkt der<br \/>\nKenntnis einer konkreten Rechtsverletzung m\u00f6glich. Bei Bekanntwerden von entsprechenden<br \/>\nRechtsverletzungen werden wir diese Inhalte umgehend entfernen.<br \/>\nHaftung f\u00fcr Links<br \/>\nUnser Angebot enth\u00e4lt Links zu externen Webseiten Dritter, auf deren Inhalte wir keinen Einfluss haben.<br \/>\nDeshalb k\u00f6nnen wir f\u00fcr diese fremden Inhalte auch keine Gew\u00e4hr \u00fcbernehmen. F\u00fcr die Inhalte der<br \/>\nverlinkten Seiten ist stets der jeweilige Anbieter oder Betreiber der Seiten verantwortlich. Die verlinkten<br \/>\nSeiten wurden zum Zeitpunkt der Verlinkung auf m\u00f6gliche Rechtsverst\u00f6\u00dfe \u00fcberpr\u00fcft. Rechtswidrige<br \/>\nInhalte waren zum Zeitpunkt der Verlinkung nicht erkennbar.<br \/>\nEine permanente inhaltliche Kontrolle der verlinkten Seiten ist jedoch ohne konkrete Anhaltspunkte einer<br \/>\nRechtsverletzung nicht zumutbar. Bei Bekanntwerden von Rechtsverletzungen werden wir derartige Links<br \/>\numgehend entfernen.<br \/>\nUrheberrecht<br \/>\nDie durch die Seitenbetreiber erstellten Inhalte und Werke auf diesen Seiten unterliegen dem deutschen<br \/>\nUrheberrecht. Die Vervielf\u00e4ltigung, Bearbeitung, Verbreitung und jede Art der Verwertung au\u00dferhalb der<br \/>\nGrenzen des Urheberrechtes bed\u00fcrfen der schriftlichen Zustimmung des jeweiligen Autors bzw.<br \/>\nErstellers. Downloads und Kopien dieser Seite sind nur f\u00fcr den privaten, nicht kommerziellen Gebrauch<br \/>\ngestattet.<br \/>\nSoweit die Inhalte auf dieser Seite nicht vom Betreiber erstellt wurden, werden die Urheberrechte Dritter<br \/>\nbeachtet. Insbesondere werden Inhalte Dritter als solche gekennzeichnet. Sollten Sie trotzdem auf eine<br \/>\nUrheberrechtsverletzung aufmerksam werden, bitten wir um einen entsprechenden Hinweis. Bei<br \/>\nBekanntwerden von Rechtsverletzungen werden wir derartige Inhalte umgehend entfernen.<br \/>\nQuelle: eRecht24<\/p>\n<p>&nbsp;<\/p>\n<p>&nbsp;<\/p>\n<p><strong>Datenschutzerkl\u00e4rung<\/strong><br \/>\nDatenschutz<br \/>\nDie Betreiber dieser Seiten nehmen den Schutz Ihrer pers\u00f6nlichen Daten sehr ernst. Wir behandeln Ihre<br \/>\npersonenbezogenen Daten vertraulich und entsprechend der gesetzlichen Datenschutzvorschriften sowie<br \/>\ndieser Datenschutzerkl\u00e4rung.<br \/>\nDie Nutzung unserer Webseite ist in der Regel ohne Angabe personenbezogener Daten m\u00f6glich. Soweit<br \/>\nauf unseren Seiten personenbezogene Daten (beispielsweise Name, Anschrift oder E-Mail-Adressen)<br \/>\nerhoben werden, erfolgt dies, soweit m\u00f6glich, stets auf freiwilliger Basis. Diese Daten werden ohne Ihre<br \/>\nausdr\u00fcckliche Zustimmung nicht an Dritte weitergegeben.<br \/>\nWir weisen darauf hin, dass die Daten\u00fcbertragung im Internet (z.B. bei der Kommunikation per E-Mail)<br \/>\nSicherheitsl\u00fccken aufweisen kann. Ein l\u00fcckenloser Schutz der Daten vor dem Zugriff durch Dritte ist nicht<br \/>\nm\u00f6glich.<br \/>\nCookies<br \/>\nDie Internetseiten verwenden teilweise so genannte Cookies. Cookies richten auf Ihrem Rechner keinen<br \/>\nSchaden an und enthalten keine Viren. Cookies dienen dazu, unser Angebot nutzerfreundlicher, effektiver<br \/>\nund sicherer zu machen. Cookies sind kleine Textdateien, die auf Ihrem Rechner abgelegt werden und<br \/>\ndie Ihr Browser speichert.<br \/>\nDie meisten der von uns verwendeten Cookies sind so genannte \u201eSession-Cookies\u201c. Sie werden nach<br \/>\nEnde Ihres Besuchs automatisch gel\u00f6scht. Andere Cookies bleiben auf Ihrem Endger\u00e4t gespeichert, bis<br \/>\nSie diese l\u00f6schen. Diese Cookies erm\u00f6glichen es uns, Ihren Browser beim n\u00e4chsten Besuch<br \/>\nwiederzuerkennen.<br \/>\nSie k\u00f6nnen Ihren Browser so einstellen, dass Sie \u00fcber das Setzen von Cookies informiert werden und<br \/>\nCookies nur im Einzelfall erlauben, die Annahme von Cookies f\u00fcr bestimmte F\u00e4lle oder generell<br \/>\nausschlie\u00dfen sowie das automatische L\u00f6schen der Cookies beim Schlie\u00dfen des Browser aktivieren. Bei<br \/>\nder Deaktivierung von Cookies kann die Funktionalit\u00e4t dieser Website eingeschr\u00e4nkt sein.<br \/>\nServer-Log-Files<br \/>\nDer Provider der Seiten erhebt und speichert automatisch Informationen in so genannten Server-Log<br \/>\nFiles, die Ihr Browser automatisch an uns \u00fcbermittelt. Dies sind:<br \/>\nBrowsertyp und Browserversion<br \/>\nverwendetes Betriebssystem<br \/>\nReferrer URL<br \/>\nHostname des zugreifenden Rechners<br \/>\nUhrzeit der Serveranfrage<br \/>\nDiese Daten sind nicht bestimmten Personen zuordenbar. Eine Zusammenf\u00fchrung dieser Daten mit<br \/>\nanderen Datenquellen wird nicht vorgenommen. Wir behalten uns vor, diese Daten nachtr\u00e4glich zu<br \/>\npr\u00fcfen, wenn uns konkrete Anhaltspunkte f\u00fcr eine rechtswidrige Nutzung bekannt werden.<br \/>\nKontaktformular<br \/>\nWenn Sie uns per Kontaktformular Anfragen zukommen lassen, werden Ihre Angaben aus dem<br \/>\nAnfrageformular inklusive der von Ihnen dort angegebenen Kontaktdaten zwecks Bearbeitung der<br \/>\nAnfrage und f\u00fcr den Fall von Anschlussfragen bei uns gespeichert. Diese Daten geben wir nicht ohne Ihre<br \/>\nEinwilligung weiter.<br \/>\nSSL-Verschl\u00fcsselung<br \/>\nDiese Seite nutzt aus Gr\u00fcnden der Sicherheit und zum Schutz der \u00dcbertragung vertraulicher Inhalte, wie<br \/>\nzum Beispiel der Anfragen, die Sie an uns als Seitenbetreiber senden, eine SSL-Verschl\u00fcsselung. Eine<br \/>\nverschl\u00fcsselte Verbindung erkennen Sie daran, dass die Adresszeile des Browsers von &#8222;http:\/\/&#8220; auf<br \/>\n&#8222;https:\/\/&#8220; wechselt und an dem Schloss-Symbol in Ihrer Browserzeile.<br \/>\nWenn die SSL Verschl\u00fcsselung aktiviert ist, k\u00f6nnen die Daten, die Sie an uns \u00fcbermitteln, nicht von<br \/>\nDritten mitgelesen werden.<br \/>\nWiderspruch Werbe-Mails<br \/>\nDer Nutzung von im Rahmen der Impressumspflicht ver\u00f6ffentlichten Kontaktdaten zur \u00dcbersendung von<br \/>\nnicht ausdr\u00fccklich angeforderter Werbung und Informationsmaterialien wird hiermit widersprochen. Die<br \/>\nBetreiber der Seiten behalten sich ausdr\u00fccklich rechtliche Schritte im Falle der unverlangten Zusendung<br \/>\nvon Werbeinformationen, etwa durch Spam-E-Mails, vor.<br \/>\nQuelle:\u00a0<a href=\"https:\/\/www.e-recht24.de\">https:\/\/www.e-recht24.de<\/a><\/p>\n","protected":false},"excerpt":{"rendered":"<p>Impressum Angaben gem\u00e4\u00df \u00a7 5 TMG: Martin Peppler Zei\u00dfstra\u00dfe 8 50171 Kerpen Kontakt: Telefon: 022373255 E-Mail: info(at)kfz-peppler-autofit.de Registereintrag: Eintragung im Handelsregister. Registergericht: Registernummer: Berufsbezeichung und berufsrechtliche Regelungen Berufsbezeichnung: KFZ Meister [&hellip;]<\/p>\n","protected":false},"author":2,"featured_media":7,"parent":0,"menu_order":998,"comment_status":"closed","ping_status":"closed","template":"","meta":{"footnotes":""},"class_list":["post-10","page","type-page","status-publish","has-post-thumbnail","hentry"],"_links":{"self":[{"href":"https:\/\/kfz-peppler-autofit.de\/index.php?rest_route=\/wp\/v2\/pages\/10","targetHints":{"allow":["GET"]}}],"collection":[{"href":"https:\/\/kfz-peppler-autofit.de\/index.php?rest_route=\/wp\/v2\/pages"}],"about":[{"href":"https:\/\/kfz-peppler-autofit.de\/index.php?rest_route=\/wp\/v2\/types\/page"}],"author":[{"embeddable":true,"href":"https:\/\/kfz-peppler-autofit.de\/index.php?rest_route=\/wp\/v2\/users\/2"}],"replies":[{"embeddable":true,"href":"https:\/\/kfz-peppler-autofit.de\/index.php?rest_route=%2Fwp%2Fv2%2Fcomments&post=10"}],"version-history":[{"count":4,"href":"https:\/\/kfz-peppler-autofit.de\/index.php?rest_route=\/wp\/v2\/pages\/10\/revisions"}],"predecessor-version":[{"id":43,"href":"https:\/\/kfz-peppler-autofit.de\/index.php?rest_route=\/wp\/v2\/pages\/10\/revisions\/43"}],"wp:featuredmedia":[{"embeddable":true,"href":"https:\/\/kfz-peppler-autofit.de\/index.php?rest_route=\/wp\/v2\/media\/7"}],"wp:attachment":[{"href":"https:\/\/kfz-peppler-autofit.de\/index.php?rest_route=%2Fwp%2Fv2%2Fmedia&parent=10"}],"curies":[{"name":"wp","href":"https:\/\/api.w.org\/{rel}","templated":true}]}}