{"id":2,"date":"2017-11-13T20:17:30","date_gmt":"2017-11-13T19:17:30","guid":{"rendered":"https:\/\/kfz-peppler-autofit.de\/?page_id=2"},"modified":"2018-07-18T21:20:59","modified_gmt":"2018-07-18T19:20:59","slug":"sample-page","status":"publish","type":"page","link":"https:\/\/kfz-peppler-autofit.de\/?page_id=2","title":{"rendered":"Services"},"content":{"rendered":"<p>Hier ein \u00dcberblick \u00fcber s\u00e4mtliche Services, die ich biete:<\/p>\n<ul>\n<li>Klimawartung<\/li>\n<li>Reifenwechsel<\/li>\n<li>Reparaturen jeglicher Art<\/li>\n<li>\u00d6lwechsel<\/li>\n<li>Bremsen-Test auf der eigenen Testanlage<\/li>\n<li>und vieles mehr.<\/li>\n<\/ul>\n<p>&nbsp;<\/p>\n<p>Bei Fragen kontaktieren Sie mich einfach.<\/p>\n","protected":false},"excerpt":{"rendered":"<p>Hier ein \u00dcberblick \u00fcber s\u00e4mtliche Services, die ich biete: Klimawartung Reifenwechsel Reparaturen jeglicher Art \u00d6lwechsel Bremsen-Test auf der eigenen Testanlage und vieles mehr. &nbsp; Bei Fragen kontaktieren Sie mich einfach.<\/p>\n","protected":false},"author":1,"featured_media":0,"parent":0,"menu_order":10,"comment_status":"closed","ping_status":"closed","template":"","meta":{"footnotes":""},"class_list":["post-2","page","type-page","status-publish","hentry"],"_links":{"self":[{"href":"https:\/\/kfz-peppler-autofit.de\/index.php?rest_route=\/wp\/v2\/pages\/2","targetHints":{"allow":["GET"]}}],"collection":[{"href":"https:\/\/kfz-peppler-autofit.de\/index.php?rest_route=\/wp\/v2\/pages"}],"about":[{"href":"https:\/\/kfz-peppler-autofit.de\/index.php?rest_route=\/wp\/v2\/types\/page"}],"author":[{"embeddable":true,"href":"https:\/\/kfz-peppler-autofit.de\/index.php?rest_route=\/wp\/v2\/users\/1"}],"replies":[{"embeddable":true,"href":"https:\/\/kfz-peppler-autofit.de\/index.php?rest_route=%2Fwp%2Fv2%2Fcomments&post=2"}],"version-history":[{"count":5,"href":"https:\/\/kfz-peppler-autofit.de\/index.php?rest_route=\/wp\/v2\/pages\/2\/revisions"}],"predecessor-version":[{"id":58,"href":"https:\/\/kfz-peppler-autofit.de\/index.php?rest_route=\/wp\/v2\/pages\/2\/revisions\/58"}],"wp:attachment":[{"href":"https:\/\/kfz-peppler-autofit.de\/index.php?rest_route=%2Fwp%2Fv2%2Fmedia&parent=2"}],"curies":[{"name":"wp","href":"https:\/\/api.w.org\/{rel}","templated":true}]}}